{"id":1829,"date":"2023-03-01T15:57:29","date_gmt":"2023-03-01T15:57:29","guid":{"rendered":"https:\/\/accesinfirmieres.com\/about-us\/"},"modified":"2025-06-02T15:55:51","modified_gmt":"2025-06-02T15:55:51","slug":"about-us","status":"publish","type":"page","link":"https:\/\/accesinfirmieres.com\/en\/about-us\/","title":{"rendered":"About us"},"content":{"rendered":"\n\n\t<h1>\n\t\t\t\tAbout us\n\t\t\t<\/h1>\n\t\t\t\t<img decoding=\"async\" src=\"https:\/\/accesinfirmieres.com\/wp-content\/uploads\/2023\/03\/icone-logo-2023-acces-infirmieres.png\" alt=\"icone-logo-2023-acces-infirmieres\" title=\"icone-logo-2023-acces-infirmieres\" itemprop=\"image\"\/>\n\t\t\t<h2>Mission<\/h2>\t\t\t\n\t\t\t\t<p>Acc\u00e8s Infirmi\u00e8res&#8217; mission is to offer a multitude of fast, accessible medical services, in the comfort of a warm, welcoming environment adapted to the needs of its clientele. The clinics&#8217; committed nurses take the time to respond to their clients&#8217; pressing health concerns with their expertise and sound advice. They accompany those who wish to be cared for in a proactive, ongoing approach to staying and aging healthy.  <\/p>\n\t\t\t<h2>Vision<\/h2>\t\t\t\n\t\t\t\t<p>Acc\u00e8s Infirmi\u00e8res values nurses to their full potential, setting the standard in healthcare through its expertise and dedication to its customers, whom it supports at every stage of their life journey to stay and age in good health.<\/p>\n\t\t\t<h2>Social involvement<\/h2>\t\t\t\n\t\t\t\t<p>Acc\u00e8s Infirmi\u00e8res is committed to supporting our public health network. In 2022, Acc\u00e8s Infirmi\u00e8res donated $30,000 to the Anna-Laberge Foundation, as part of the mass vaccination against Covid-19. <\/p>\n\t<h2>\n\t\t\t\tWhy choose Acc\u00e8s Infirmi\u00e8res\n\t\t\t<\/h2>\n\t<ul>\n\t\t<li>\t\t\n\t\t\t\t<img decoding=\"async\" src=\"https:\/\/accesinfirmieres.com\/wp-content\/uploads\/2023\/03\/icone-logo-2023-acces-infirmieres.png\" alt=\"icone-logo-2023-acces-infirmieres\" title=\"icone-logo-2023-acces-infirmieres\" itemprop=\"image\"\/>\n\t\t<h3>We are committed to delivering an exceptional customer experience<\/h3><\/li><li>\t\t\n\t\t\t\t<img decoding=\"async\" src=\"https:\/\/accesinfirmieres.com\/wp-content\/uploads\/2023\/03\/icone-logo-2023-acces-infirmieres.png\" alt=\"icone-logo-2023-acces-infirmieres\" title=\"icone-logo-2023-acces-infirmieres\" itemprop=\"image\"\/>\n\t\t<h3>You&#8217;ll enjoy a gentle, comfortable experience in a warm environment<\/h3><\/li><li>\t\t\n\t\t\t\t<img decoding=\"async\" src=\"https:\/\/accesinfirmieres.com\/wp-content\/uploads\/2023\/03\/icone-logo-2023-acces-infirmieres.png\" alt=\"icone-logo-2023-acces-infirmieres\" title=\"icone-logo-2023-acces-infirmieres\" itemprop=\"image\"\/>\n\t\t<h3>You&#8217;ll benefit from personalized care with no waiting, and reassuring expertise that&#8217;s always available.<\/h3><\/li><li>\t\t\n\t\t\t\t<img decoding=\"async\" src=\"https:\/\/accesinfirmieres.com\/wp-content\/uploads\/2023\/03\/icone-logo-2023-acces-infirmieres.png\" alt=\"icone-logo-2023-acces-infirmieres\" title=\"icone-logo-2023-acces-infirmieres\" itemprop=\"image\"\/>\n\t\t<h3>  You&#8217;ll benefit from support in obtaining resources and prescriptions, to save time, avoid emergencies and reduce your worries.<\/h3><\/li><li>\t\t\n\t\t\t\t<img decoding=\"async\" src=\"https:\/\/accesinfirmieres.com\/wp-content\/uploads\/2023\/03\/icone-logo-2023-acces-infirmieres.png\" alt=\"icone-logo-2023-acces-infirmieres\" title=\"icone-logo-2023-acces-infirmieres\" itemprop=\"image\"\/>\n\t\t<h3>You will have rapid access to quality care that is continuously adapted to meet your specific needs.<\/h3><\/li>\t<\/ul>\n\t<ul>\n\t\t<li>\t\t\n\t\t\t\t<img decoding=\"async\" src=\"https:\/\/accesinfirmieres.com\/wp-content\/uploads\/2023\/03\/icone-logo-2023-acces-infirmieres.png\" alt=\"icone-logo-2023-acces-infirmieres\" title=\"icone-logo-2023-acces-infirmieres\" itemprop=\"image\"\/>\n\t\t<h3>You will benefit from recommendations and advice to prevent complications and address your concerns.<\/h3><\/li><li>\t\t\n\t\t\t\t<img decoding=\"async\" src=\"https:\/\/accesinfirmieres.com\/wp-content\/uploads\/2023\/03\/icone-logo-2023-acces-infirmieres.png\" alt=\"icone-logo-2023-acces-infirmieres\" title=\"icone-logo-2023-acces-infirmieres\" itemprop=\"image\"\/>\n\t\t<h3>We&#8217;ll keep you comfortable by managing your symptoms and helping you heal more quickly, while providing follow-up care.<\/h3><\/li><li>\t\t\n\t\t\t\t<img decoding=\"async\" src=\"https:\/\/accesinfirmieres.com\/wp-content\/uploads\/2023\/03\/icone-logo-2023-acces-infirmieres.png\" alt=\"icone-logo-2023-acces-infirmieres\" title=\"icone-logo-2023-acces-infirmieres\" itemprop=\"image\"\/>\n\t\t<h3>Health check-ups are offered to detect possible illnesses.<\/h3><\/li><li>\t\t\n\t\t\t\t<img decoding=\"async\" src=\"https:\/\/accesinfirmieres.com\/wp-content\/uploads\/2023\/03\/icone-logo-2023-acces-infirmieres.png\" alt=\"icone-logo-2023-acces-infirmieres\" title=\"icone-logo-2023-acces-infirmieres\" itemprop=\"image\"\/>\n\t\t<h3>Because your health is our priority!<\/h3><\/li>\t<\/ul>\n\t\t\t<a href=\"https:\/\/clixibook.ca\/hub\/accesinfirmieres\" title=\"Click Here\" target=\"_blank\" rel=\"noopener\"  role=\"button\" aria-label=\"Make an appointment\">\n\t\t\t\t\t\t\t\t\t\t\tMake an appointment\n\t\t<\/a>\n\t\t\t\t<img decoding=\"async\" src=\"https:\/\/accesinfirmieres.com\/wp-content\/uploads\/2023\/03\/logo-slogan-rouge-blanc-2023-acces-infirmieres.png\" alt=\"logo-slogan-rouge-blanc-2023-acces-infirmieres\" title=\"logo-slogan-rouge-blanc-2023-acces-infirmieres\" itemprop=\"image\"  \/>\n\t<p>Our services are offered in our clinic and satellite clinic as well as in your home. Appointments preferred.<\/p>\n<p>For more information, please contact us.<\/p>\n\t<ul>\n\t\t<li><a href=\"tel:+14508444793\" target=\"_self\"  aria-label=\"Go to tel:+14508444793\">\t\t\t\t\n\t\t<h4>P. 450 844-4793<\/h4><\/a><\/li><li><a href=\"https:\/\/clixibook.ca\/hub\/accesinfirmieres\" target=\"_blank\" rel=\"noopener\" aria-label=\"Go to https:\/\/clixibook.ca\/hub\/accesinfirmieres\">\t\t\t\t\n\t\t<h4>Online appointment<\/h4><\/a><\/li>\t<\/ul>\n\t<h4>\n\t\t\t\tAcc\u00e8s Infirmi\u00e8res | New clinic\n\t\t\t<\/h4>\n\t\t\t<p>82, Route 338<br \/>Les Coteaux, QC J7X 1A2<\/p>\t\n\t<iframe src=\"https:\/\/www.google.com\/maps\/embed\/v1\/place?q=82%2C+route+338%0ALes+Coteaux%2C+Qu%C3%A9bec&#038;key=AIzaSyD09zQ9PNDNNy9TadMuzRV_UsPUoWKntt8\" aria-hidden=\"true\" title=\"Clinique Acc\u00e8s Infirmi\u00e8res\"><\/iframe>\n\t<h4>\n\t\t\t\tAcc\u00e8s Infirmi\u00e8res\n\t\t\t<\/h4>\n\t\t\t<p>287, boulevard D&#8217;Anjou<br \/>Ch\u00e2teauguay, QC J6J 2R4<\/p>\t\n\t<iframe src=\"https:\/\/www.google.com\/maps\/embed\/v1\/place?q=Acc%C3%A8s+Infirmi%C3%A8res&#038;key=AIzaSyD09zQ9PNDNNy9TadMuzRV_UsPUoWKntt8\" aria-hidden=\"true\"><\/iframe>\n\n","protected":false},"excerpt":{"rendered":"<p>About us Mission Acc\u00e8s Infirmi\u00e8res&#8217; mission is to offer a multitude of fast, accessible medical services, in the comfort of a warm, welcoming environment adapted to the needs of its clientele. The clinics&#8217; committed nurses take the time to respond to their clients&#8217; pressing health concerns with their expertise and sound advice. They accompany those [&hellip;]<\/p>\n","protected":false},"author":1,"featured_media":0,"parent":0,"menu_order":0,"comment_status":"closed","ping_status":"closed","template":"","meta":{"site-sidebar-layout":"default","site-content-layout":"page-builder","ast-site-content-layout":"default","site-content-style":"default","site-sidebar-style":"default","ast-global-header-display":"","ast-banner-title-visibility":"","ast-main-header-display":"","ast-hfb-above-header-display":"","ast-hfb-below-header-display":"","ast-hfb-mobile-header-display":"","site-post-title":"disabled","ast-breadcrumbs-content":"","ast-featured-img":"","footer-sml-layout":"","ast-disable-related-posts":"","theme-transparent-header-meta":"","adv-header-id-meta":"","stick-header-meta":"","header-above-stick-meta":"","header-main-stick-meta":"","header-below-stick-meta":"","astra-migrate-meta-layouts":"default","ast-page-background-enabled":"default","ast-page-background-meta":{"desktop":{"background-color":"var(--ast-global-color-4)","background-image":"","background-repeat":"repeat","background-position":"center center","background-size":"auto","background-attachment":"scroll","background-type":"","background-media":"","overlay-type":"","overlay-color":"","overlay-opacity":"","overlay-gradient":""},"tablet":{"background-color":"","background-image":"","background-repeat":"repeat","background-position":"center center","background-size":"auto","background-attachment":"scroll","background-type":"","background-media":"","overlay-type":"","overlay-color":"","overlay-opacity":"","overlay-gradient":""},"mobile":{"background-color":"","background-image":"","background-repeat":"repeat","background-position":"center center","background-size":"auto","background-attachment":"scroll","background-type":"","background-media":"","overlay-type":"","overlay-color":"","overlay-opacity":"","overlay-gradient":""}},"ast-content-background-meta":{"desktop":{"background-color":"var(--ast-global-color-5)","background-image":"","background-repeat":"repeat","background-position":"center center","background-size":"auto","background-attachment":"scroll","background-type":"","background-media":"","overlay-type":"","overlay-color":"","overlay-opacity":"","overlay-gradient":""},"tablet":{"background-color":"var(--ast-global-color-5)","background-image":"","background-repeat":"repeat","background-position":"center center","background-size":"auto","background-attachment":"scroll","background-type":"","background-media":"","overlay-type":"","overlay-color":"","overlay-opacity":"","overlay-gradient":""},"mobile":{"background-color":"var(--ast-global-color-5)","background-image":"","background-repeat":"repeat","background-position":"center center","background-size":"auto","background-attachment":"scroll","background-type":"","background-media":"","overlay-type":"","overlay-color":"","overlay-opacity":"","overlay-gradient":""}},"footnotes":""},"class_list":["post-1829","page","type-page","status-publish","hentry"],"_links":{"self":[{"href":"https:\/\/accesinfirmieres.com\/en\/wp-json\/wp\/v2\/pages\/1829","targetHints":{"allow":["GET"]}}],"collection":[{"href":"https:\/\/accesinfirmieres.com\/en\/wp-json\/wp\/v2\/pages"}],"about":[{"href":"https:\/\/accesinfirmieres.com\/en\/wp-json\/wp\/v2\/types\/page"}],"author":[{"embeddable":true,"href":"https:\/\/accesinfirmieres.com\/en\/wp-json\/wp\/v2\/users\/1"}],"replies":[{"embeddable":true,"href":"https:\/\/accesinfirmieres.com\/en\/wp-json\/wp\/v2\/comments?post=1829"}],"version-history":[{"count":1,"href":"https:\/\/accesinfirmieres.com\/en\/wp-json\/wp\/v2\/pages\/1829\/revisions"}],"predecessor-version":[{"id":1988,"href":"https:\/\/accesinfirmieres.com\/en\/wp-json\/wp\/v2\/pages\/1829\/revisions\/1988"}],"wp:attachment":[{"href":"https:\/\/accesinfirmieres.com\/en\/wp-json\/wp\/v2\/media?parent=1829"}],"curies":[{"name":"wp","href":"https:\/\/api.w.org\/{rel}","templated":true}]}}