{"id":1831,"date":"2023-03-01T15:30:07","date_gmt":"2023-03-01T15:30:07","guid":{"rendered":"https:\/\/accesinfirmieres.com\/home\/"},"modified":"2025-06-02T15:54:53","modified_gmt":"2025-06-02T15:54:53","slug":"home","status":"publish","type":"page","link":"https:\/\/accesinfirmieres.com\/en\/","title":{"rendered":"Home"},"content":{"rendered":"\n\n\t\t\t\t<img decoding=\"async\" src=\"https:\/\/accesinfirmieres.com\/wp-content\/uploads\/2024\/09\/photo-2024-nathalie-tessier-acces-infirmieres.png\" alt=\"photo-2024-nathalie-tessier-acces-infirmieres\" title=\"photo-2024-nathalie-tessier-acces-infirmieres\" itemprop=\"image\"  \/>\n\t\t\t<h4>A word from our founder<\/h4><h1>Welcome to Acc\u00e8s Infirmi\u00e8res<\/h1>\t\t\t\n\t\t\t\t<p>&#8220;At Acc\u00e8s Infirmi\u00e8res, our team is committed to supporting you during episodes of illness or to help you stay and age healthy, with a quality customer experience while putting your health at the heart of our priorities.<\/p>\n<p>I set up the clinic in 2010 with the aim of meeting the health needs of the people who came to me, and doing so immediately, without waiting hours or days with a problem that could be quickly resolved by a nurse. I&#8217;m also in the process of fulfilling my dream of having the nurse recognized as the front-line responder by maximizing and demonstrating her role to its full potential.&#8221;<\/p>\n<a href=\"https:\/\/accesinfirmieres.com\/lequipe\/\" target=\"_self\">Meet our team<\/a>\t\t\t\n\t<h4>\n\t\t\t\t&#8211; Nathalie Tessier\n\t\t\t<\/h4>\n\t\t\t<p>Founder and clinical nurse<\/p>\t\n\t<p>At Acc\u00e8s Infirmi\u00e8res, every treatment is a unique experience, designed with you in mind. We believe in strong values that guide everything we do.<\/p>\n\t\t\t<a href=\"https:\/\/clixibook.ca\/hub\/accesinfirmieres\" title=\"Click Here\" target=\"_blank\" rel=\"noopener\"  role=\"button\" aria-label=\"Make an appointment\">\n\t\t\t\t\t\t\t\t\t\t\tMake an appointment\n\t\t<\/a>\n\t<ul>\n\t\t<li>\t\t\n\t\t\t\t<img decoding=\"async\" src=\"https:\/\/accesinfirmieres.com\/wp-content\/uploads\/2023\/03\/icone-logo-2023-acces-infirmieres.png\" alt=\"icone-logo-2023-acces-infirmieres\" title=\"icone-logo-2023-acces-infirmieres\" itemprop=\"image\"\/>\n\t\t<h3>Flexibility<\/h3><p>Because your time is precious, we adapt to your schedule and your needs.<\/p>\n<\/li><li>\t\t\n\t\t\t\t<img decoding=\"async\" src=\"https:\/\/accesinfirmieres.com\/wp-content\/uploads\/2023\/03\/icone-logo-2023-acces-infirmieres.png\" alt=\"icone-logo-2023-acces-infirmieres\" title=\"icone-logo-2023-acces-infirmieres\" itemprop=\"image\"\/>\n\t\t<h3>Accessibility<\/h3><p>Quality care for all, without compromise. We&#8217;re dedicated to making your well-being simple and within your reach.<\/p>\n<\/li><li>\t\t\n\t\t\t\t<img decoding=\"async\" src=\"https:\/\/accesinfirmieres.com\/wp-content\/uploads\/2023\/03\/icone-logo-2023-acces-infirmieres.png\" alt=\"icone-logo-2023-acces-infirmieres\" title=\"icone-logo-2023-acces-infirmieres\" itemprop=\"image\"\/>\n\t\t<h3>Humility<\/h3><p>Listening to your needs, we move forward with you, always with respect, compassion and kindness.<\/p>\n<\/li><li>\t\t\n\t\t\t\t<img decoding=\"async\" src=\"https:\/\/accesinfirmieres.com\/wp-content\/uploads\/2023\/03\/icone-logo-2023-acces-infirmieres.png\" alt=\"icone-logo-2023-acces-infirmieres\" title=\"icone-logo-2023-acces-infirmieres\" itemprop=\"image\"\/>\n\t\t<h3>Rapid<\/h3><p>Efficient, friendly and responsive services, because your comfort can&#8217;t wait.<\/p>\n<\/li><li>\t\t\n\t\t\t\t<img decoding=\"async\" src=\"https:\/\/accesinfirmieres.com\/wp-content\/uploads\/2023\/03\/icone-logo-2023-acces-infirmieres.png\" alt=\"icone-logo-2023-acces-infirmieres\" title=\"icone-logo-2023-acces-infirmieres\" itemprop=\"image\"\/>\n\t\t<h3>Customized care<\/h3><p>Every human being is unique and deserves individual attention<\/p>\n<\/li>\t<\/ul>\n\t<h2>\n\t\t\t\tOur services\n\t\t\t<\/h2>\n\t\t\t<p>At Acc\u00e8s Infirmi\u00e8res, we offer a number of <em>\u00e0 la carte<\/em> services and treatments that can be adapted to suit your current needs. To find out more about our different services and their costs, simply click on the category of your choice.<\/p>\t\n\t<p>We issue receipts for insurance and\/or tax purposes.<\/p>\n\t\t\t\t<img decoding=\"async\" src=\"https:\/\/accesinfirmieres.com\/wp-content\/uploads\/2023\/03\/icone-500-blanc-analyses-acces-infirmieres.png\" alt=\"icone-500-blanc-analyses-acces-infirmieres\" title=\"icone-500-blanc-analyses-acces-infirmieres\" itemprop=\"image\"\/>\n\t\t\t<!-- END .front -->\n\t\t\t\t\t\t\t\t\t\t<h4>Samplings<\/h4>\n\t\t\t\t\t\t<p>See the list of available services.<\/p>\t\t\t\t\t\n\t\t\t<a href=\"https:\/\/accesinfirmieres.com\/en\/blood-sampling\/\" title=\"Click Here\" target=\"_self\"   role=\"button\" aria-label=\"Click here\">\n\t\t\t\t\t\t\tClick here\n\t\t<\/a>\n\t\t\t<!-- END .back -->\n\t\t <!-- ifb-flip-box -->\n\t <!-- flip-box -->\n\t\t\t\t<img decoding=\"async\" src=\"https:\/\/accesinfirmieres.com\/wp-content\/uploads\/2023\/03\/icone-500-blanc-soins-a-domicile-acces-infirmieres.png\" alt=\"icone-500-blanc-soins-a-domicile-acces-infirmieres\" title=\"icone-500-blanc-soins-a-domicile-acces-infirmieres\" itemprop=\"image\"\/>\n\t\t\t<!-- END .front -->\n\t\t\t\t\t\t\t\t\t\t<h4>Care | Treatments<\/h4>\n\t\t\t\t\t\t<p>See the list of available services.<\/p>\n\t\t\t<a href=\"https:\/\/accesinfirmieres.com\/en\/care-treatments\/\" title=\"Click Here\" target=\"_self\"   role=\"button\" aria-label=\"Click here\">\n\t\t\t\t\t\t\tClick here\n\t\t<\/a>\n\t\t\t<!-- END .back -->\n\t\t <!-- ifb-flip-box -->\n\t <!-- flip-box -->\n\t\t\t\t<img decoding=\"async\" src=\"https:\/\/accesinfirmieres.com\/wp-content\/uploads\/2023\/03\/icone-500-blanc-consultation-acces-infirmieres.png\" alt=\"icone-500-blanc-consultation-acces-infirmieres\" title=\"icone-500-blanc-consultation-acces-infirmieres\" itemprop=\"image\"\/>\n\t\t\t<!-- END .front -->\n\t\t\t\t\t\t\t\t\t\t<h4>SNP  Super-nurses<\/h4>\n\t\t\t\t\t\t<p>See the list of available services.<\/p>\n\t\t\t<a href=\"https:\/\/accesinfirmieres.com\/en\/snp-super-nurses\/\" title=\"Click Here\" target=\"_self\"   role=\"button\" aria-label=\"Click here\">\n\t\t\t\t\t\t\tClick here\n\t\t<\/a>\n\t\t\t<!-- END .back -->\n\t\t <!-- ifb-flip-box -->\n\t <!-- flip-box -->\n\t\t\t\t<img decoding=\"async\" src=\"https:\/\/accesinfirmieres.com\/wp-content\/uploads\/2023\/03\/icone-500-blanc-section-soins-acces-infirmieres.png\" alt=\"icone-500-blanc-section-soins-acces-infirmieres\" title=\"icone-500-blanc-section-soins-acces-infirmieres\" itemprop=\"image\"\/>\n\t\t\t<!-- END .front -->\n\t\t\t\t\t\t\t\t\t\t<h4>Minor emergencies<\/h4>\n\t\t\t\t\t\t<p>Find out what minor emergencies we treat.<\/p>\t\t\t\t\t\n\t\t\t<a href=\"https:\/\/accesinfirmieres.com\/en\/minor-emergencies\/\" title=\"Click Here\" target=\"_self\"   role=\"button\" aria-label=\"Click here\">\n\t\t\t\t\t\t\tClick here\n\t\t<\/a>\n\t\t\t<!-- END .back -->\n\t\t <!-- ifb-flip-box -->\n\t <!-- flip-box -->\n\t\t\t\t<img decoding=\"async\" src=\"https:\/\/accesinfirmieres.com\/wp-content\/uploads\/2023\/03\/icone-500-blanc-depistage-acces-infirmieres.png\" alt=\"icone-500-blanc-depistage-acces-infirmieres\" title=\"icone-500-blanc-depistage-acces-infirmieres\" itemprop=\"image\"\/>\n\t\t\t<!-- END .front -->\n\t\t\t\t\t\t\t\t\t\t<h4>Screening<\/h4>\n\t\t\t\t\t\t<p>See the list of available services.<\/p>\n\t\t\t<a href=\"https:\/\/accesinfirmieres.com\/en\/screening\/\" title=\"Click Here\" target=\"_self\"   role=\"button\" aria-label=\"Click here\">\n\t\t\t\t\t\t\tClick here\n\t\t<\/a>\n\t\t\t<!-- END .back -->\n\t\t <!-- ifb-flip-box -->\n\t <!-- flip-box -->\n\t\t\t\t<img decoding=\"async\" src=\"https:\/\/accesinfirmieres.com\/wp-content\/uploads\/2023\/03\/icone-500-blanc-vaccination-2-acces-infirmieres.png\" alt=\"icone-500-blanc-vaccination-2-acces-infirmieres\" title=\"icone-500-blanc-vaccination-2-acces-infirmieres\" itemprop=\"image\"\/>\n\t\t\t<!-- END .front -->\n\t\t\t\t\t\t\t\t\t\t<h4>Vaccination<\/h4>\n\t\t\t\t\t\t<p>See the list of available vaccines.<\/p>\t\t\t\t\t\n\t\t\t<a href=\"https:\/\/accesinfirmieres.com\/en\/vaccination\/\" title=\"Click Here\" target=\"_self\"   role=\"button\" aria-label=\"Click here\">\n\t\t\t\t\t\t\tClick here\n\t\t<\/a>\n\t\t\t<!-- END .back -->\n\t\t <!-- ifb-flip-box -->\n\t <!-- flip-box -->\n\t\t\t\t<img decoding=\"async\" src=\"https:\/\/accesinfirmieres.com\/wp-content\/uploads\/2023\/03\/icone-500-blanc-avis-conseil-infirmiers-acces-infirmieres.png\" alt=\"icone-500-blanc-avis-conseil-infirmiers-acces-infirmieres\" title=\"icone-500-blanc-avis-conseil-infirmiers-acces-infirmieres\" itemprop=\"image\"\/>\n\t\t\t<!-- END .front -->\n\t\t\t\t\t\t\t\t\t\t<h4>Consultations<\/h4>\n\t\t\t\t\t\t<p>See the list of available services.<\/p>\t\t\t\t\t\n\t\t\t<a href=\"https:\/\/accesinfirmieres.com\/en\/consultations\/\" title=\"Click Here\" target=\"_self\"   role=\"button\" aria-label=\"Click here\">\n\t\t\t\t\t\t\tClick here\n\t\t<\/a>\n\t\t\t<!-- END .back -->\n\t\t <!-- ifb-flip-box -->\n\t <!-- flip-box -->\n\t\t\t\t<img decoding=\"async\" src=\"https:\/\/accesinfirmieres.com\/wp-content\/uploads\/2023\/03\/icone-500-blanc-entreprises-acces-infirmieres.png\" alt=\"icone-500-blanc-entreprises-acces-infirmieres\" title=\"icone-500-blanc-entreprises-acces-infirmieres\" itemprop=\"image\"\/>\n\t\t\t<!-- END .front -->\n\t\t\t\t\t\t\t\t\t\t<h4>Business Services<\/h4>\n\t\t\t\t\t\t<p>Find out more about our services for businesses.<\/p>\n\t\t\t<a href=\"https:\/\/accesinfirmieres.com\/en\/business-services\/\" title=\"Click Here\" target=\"_self\"   role=\"button\" aria-label=\"Click here\">\n\t\t\t\t\t\t\tClick here\n\t\t<\/a>\n\t\t\t<!-- END .back -->\n\t\t <!-- ifb-flip-box -->\n\t <!-- flip-box -->\n\t<ul>\n\t\t<li>\t\t\n\t\t\t\t<img decoding=\"async\" src=\"https:\/\/accesinfirmieres.com\/wp-content\/uploads\/2023\/03\/icone-logo-2023-acces-infirmieres.png\" alt=\"icone-logo-2023-acces-infirmieres\" title=\"icone-logo-2023-acces-infirmieres\" itemprop=\"image\"\/>\n\t\t<h3>Now two (2) clinics to serve you better<\/h3><\/li><li>\t\t\n\t\t\t\t<img decoding=\"async\" src=\"https:\/\/accesinfirmieres.com\/wp-content\/uploads\/2023\/03\/icone-logo-2023-acces-infirmieres.png\" alt=\"icone-logo-2023-acces-infirmieres\" title=\"icone-logo-2023-acces-infirmieres\" itemprop=\"image\"\/>\n\t\t<h3>No opening fee<\/h3><\/li><li>\t\t\n\t\t\t\t<img decoding=\"async\" src=\"https:\/\/accesinfirmieres.com\/wp-content\/uploads\/2023\/03\/icone-logo-2023-acces-infirmieres.png\" alt=\"icone-logo-2023-acces-infirmieres\" title=\"icone-logo-2023-acces-infirmieres\" itemprop=\"image\"\/>\n\t\t<h3>SNP | Super nurses on site<\/h3><\/li>\t<\/ul>\n\t<ul>\n\t\t<li>\t\t\n\t\t\t\t<img decoding=\"async\" src=\"https:\/\/accesinfirmieres.com\/wp-content\/uploads\/2023\/03\/icone-logo-2023-acces-infirmieres.png\" alt=\"icone-logo-2023-acces-infirmieres\" title=\"icone-logo-2023-acces-infirmieres\" itemprop=\"image\"\/>\n\t\t<h3>Cuddle package for your children<\/h3><\/li><li>\t\t\n\t\t\t\t<img decoding=\"async\" src=\"https:\/\/accesinfirmieres.com\/wp-content\/uploads\/2023\/03\/icone-logo-2023-acces-infirmieres.png\" alt=\"icone-logo-2023-acces-infirmieres\" title=\"icone-logo-2023-acces-infirmieres\" itemprop=\"image\"\/>\n\t\t<h3>Withdrawals from 5 a.m. every Wednesday<\/h3><\/li><li>\t\t\n\t\t\t\t<img decoding=\"async\" src=\"https:\/\/accesinfirmieres.com\/wp-content\/uploads\/2023\/03\/icone-logo-2023-acces-infirmieres.png\" alt=\"icone-logo-2023-acces-infirmieres\" title=\"icone-logo-2023-acces-infirmieres\" itemprop=\"image\"\/>\n\t\t<h3>Personalized service and incomparable follow-up<\/h3><\/li>\t<\/ul>\n\t\t\t<h3>At home or at the clinic<\/h3><h1>Make an appointment now!<\/h1>\t\t\t\n\t\t\t\t<p>Three (3) easy ways to book an appointment:<\/p>\n<ol>\n<li>By telephone, by calling <strong><a href=\"tel:+14508444793\">450 844-4793<\/a><\/strong><\/li>\n<li>By e-mail, by writing us at <strong><a href=\"mailto:info@accesinfirmieres.com\">info@accesinfirmieres.com<\/a><\/strong><\/li>\n<li>Online, simply by clicking on the button below.<\/li>\n<\/ol>\n\t\t\t<a href=\"https:\/\/clixibook.ca\/hub\/accesinfirmieres\" title=\"Click Here\" target=\"_blank\" rel=\"noopener\"  role=\"button\" aria-label=\"Make an appointment \">\n\t\t\t\t\t\t\t\t\t\t\tMake an appointment \n\t\t<\/a>\n\t\t\t\t<img decoding=\"async\" src=\"https:\/\/accesinfirmieres.com\/wp-content\/uploads\/2023\/03\/logo-slogan-rouge-blanc-2023-acces-infirmieres.png\" alt=\"logo-slogan-rouge-blanc-2023-acces-infirmieres\" title=\"logo-slogan-rouge-blanc-2023-acces-infirmieres\" itemprop=\"image\"  \/>\n\t<p>Our services are offered in our clinic and satellite clinic as well as in your home. Appointments preferred.<\/p>\n<p>For more information, please contact us.<\/p>\n\t<ul>\n\t\t<li><a href=\"tel:+14508444793\" target=\"_self\"  aria-label=\"Go to tel:+14508444793\">\t\t\t\t\n\t\t<h4>P. 450 844-4793<\/h4><\/a><\/li><li><a href=\"https:\/\/clixibook.ca\/hub\/accesinfirmieres\" target=\"_blank\" rel=\"noopener\" aria-label=\"Go to https:\/\/clixibook.ca\/hub\/accesinfirmieres\">\t\t\t\t\n\t\t<h4>Online appointment<\/h4><\/a><\/li>\t<\/ul>\n\t<h4>\n\t\t\t\tAcc\u00e8s Infirmi\u00e8res | New clinic\n\t\t\t<\/h4>\n\t\t\t<p>82, Route 338<br \/>Les Coteaux, QC J7X 1A2<\/p>\t\n\t<iframe src=\"https:\/\/www.google.com\/maps\/embed\/v1\/place?q=82%2C+route+338%0ALes+Coteaux%2C+Qu%C3%A9bec&#038;key=AIzaSyD09zQ9PNDNNy9TadMuzRV_UsPUoWKntt8\" aria-hidden=\"true\" title=\"Clinique Acc\u00e8s Infirmi\u00e8res\"><\/iframe>\n\t<h4>\n\t\t\t\tAcc\u00e8s Infirmi\u00e8res\n\t\t\t<\/h4>\n\t\t\t<p>287, boulevard D&#8217;Anjou<br \/>Ch\u00e2teauguay, QC J6J 2R4<\/p>\t\n\t<iframe src=\"https:\/\/www.google.com\/maps\/embed\/v1\/place?q=Acc%C3%A8s+Infirmi%C3%A8res&#038;key=AIzaSyD09zQ9PNDNNy9TadMuzRV_UsPUoWKntt8\" aria-hidden=\"true\"><\/iframe>\n\n","protected":false},"excerpt":{"rendered":"<p>A word from our founder Welcome to Acc\u00e8s Infirmi\u00e8res &#8220;At Acc\u00e8s Infirmi\u00e8res, our team is committed to supporting you during episodes of illness or to help you stay and age healthy, with a quality customer experience while putting your health at the heart of our priorities. I set up the clinic in 2010 with the [&hellip;]<\/p>\n","protected":false},"author":1,"featured_media":0,"parent":0,"menu_order":0,"comment_status":"closed","ping_status":"closed","template":"","meta":{"site-sidebar-layout":"default","site-content-layout":"page-builder","ast-site-content-layout":"default","site-content-style":"default","site-sidebar-style":"default","ast-global-header-display":"","ast-banner-title-visibility":"","ast-main-header-display":"","ast-hfb-above-header-display":"","ast-hfb-below-header-display":"","ast-hfb-mobile-header-display":"","site-post-title":"disabled","ast-breadcrumbs-content":"","ast-featured-img":"","footer-sml-layout":"","ast-disable-related-posts":"","theme-transparent-header-meta":"","adv-header-id-meta":"","stick-header-meta":"","header-above-stick-meta":"","header-main-stick-meta":"","header-below-stick-meta":"","astra-migrate-meta-layouts":"default","ast-page-background-enabled":"default","ast-page-background-meta":{"desktop":{"background-color":"var(--ast-global-color-4)","background-image":"","background-repeat":"repeat","background-position":"center center","background-size":"auto","background-attachment":"scroll","background-type":"","background-media":"","overlay-type":"","overlay-color":"","overlay-opacity":"","overlay-gradient":""},"tablet":{"background-color":"","background-image":"","background-repeat":"repeat","background-position":"center center","background-size":"auto","background-attachment":"scroll","background-type":"","background-media":"","overlay-type":"","overlay-color":"","overlay-opacity":"","overlay-gradient":""},"mobile":{"background-color":"","background-image":"","background-repeat":"repeat","background-position":"center center","background-size":"auto","background-attachment":"scroll","background-type":"","background-media":"","overlay-type":"","overlay-color":"","overlay-opacity":"","overlay-gradient":""}},"ast-content-background-meta":{"desktop":{"background-color":"var(--ast-global-color-5)","background-image":"","background-repeat":"repeat","background-position":"center center","background-size":"auto","background-attachment":"scroll","background-type":"","background-media":"","overlay-type":"","overlay-color":"","overlay-opacity":"","overlay-gradient":""},"tablet":{"background-color":"var(--ast-global-color-5)","background-image":"","background-repeat":"repeat","background-position":"center center","background-size":"auto","background-attachment":"scroll","background-type":"","background-media":"","overlay-type":"","overlay-color":"","overlay-opacity":"","overlay-gradient":""},"mobile":{"background-color":"var(--ast-global-color-5)","background-image":"","background-repeat":"repeat","background-position":"center center","background-size":"auto","background-attachment":"scroll","background-type":"","background-media":"","overlay-type":"","overlay-color":"","overlay-opacity":"","overlay-gradient":""}},"footnotes":""},"class_list":["post-1831","page","type-page","status-publish","hentry"],"_links":{"self":[{"href":"https:\/\/accesinfirmieres.com\/en\/wp-json\/wp\/v2\/pages\/1831","targetHints":{"allow":["GET"]}}],"collection":[{"href":"https:\/\/accesinfirmieres.com\/en\/wp-json\/wp\/v2\/pages"}],"about":[{"href":"https:\/\/accesinfirmieres.com\/en\/wp-json\/wp\/v2\/types\/page"}],"author":[{"embeddable":true,"href":"https:\/\/accesinfirmieres.com\/en\/wp-json\/wp\/v2\/users\/1"}],"replies":[{"embeddable":true,"href":"https:\/\/accesinfirmieres.com\/en\/wp-json\/wp\/v2\/comments?post=1831"}],"version-history":[{"count":1,"href":"https:\/\/accesinfirmieres.com\/en\/wp-json\/wp\/v2\/pages\/1831\/revisions"}],"predecessor-version":[{"id":1986,"href":"https:\/\/accesinfirmieres.com\/en\/wp-json\/wp\/v2\/pages\/1831\/revisions\/1986"}],"wp:attachment":[{"href":"https:\/\/accesinfirmieres.com\/en\/wp-json\/wp\/v2\/media?parent=1831"}],"curies":[{"name":"wp","href":"https:\/\/api.w.org\/{rel}","templated":true}]}}