{"id":1834,"date":"2023-06-02T16:18:48","date_gmt":"2023-06-02T16:18:48","guid":{"rendered":"https:\/\/accesinfirmieres.com\/career\/nurse-position-application\/"},"modified":"2025-06-02T19:58:46","modified_gmt":"2025-06-02T19:58:46","slug":"nurse-position-application","status":"publish","type":"page","link":"https:\/\/accesinfirmieres.com\/en\/career\/nurse-position-application\/","title":{"rendered":"Nurse position Application"},"content":{"rendered":"\n\n\t<h1>\n\t\t\t\tOnline application | Nurse station\n\t\t\t<\/h1>\n\t\t\t\t<img decoding=\"async\" src=\"https:\/\/accesinfirmieres.com\/wp-content\/uploads\/2023\/03\/favicon-2023-acces-infirmieres.png\" alt=\"favicon-2023-acces-infirmieres\" title=\"favicon-2023-acces-infirmieres\" itemprop=\"image\"\/>\n\t\t\t\t<img decoding=\"async\" src=\"https:\/\/accesinfirmieres.com\/wp-content\/uploads\/2023\/03\/logo-slogan-rouge-blanc-2023-acces-infirmieres.png\" alt=\"logo-slogan-rouge-blanc-2023-acces-infirmieres\" title=\"logo-slogan-rouge-blanc-2023-acces-infirmieres\" itemprop=\"image\"  \/>\n\t<p>Our services are offered in our clinic and satellite clinic as well as in your home. Appointments preferred.<\/p>\n<p>For more information, please contact us.<\/p>\n\t<ul>\n\t\t<li><a href=\"tel:+14508444793\" target=\"_self\"  aria-label=\"Go to tel:+14508444793\">\t\t\t\t\n\t\t<h4>P. 450 844-4793<\/h4><\/a><\/li><li><a href=\"https:\/\/clixibook.ca\/hub\/accesinfirmieres\" target=\"_blank\" rel=\"noopener\" aria-label=\"Go to https:\/\/clixibook.ca\/hub\/accesinfirmieres\">\t\t\t\t\n\t\t<h4>Online appointment<\/h4><\/a><\/li>\t<\/ul>\n\t<h4>\n\t\t\t\tAcc\u00e8s Infirmi\u00e8res | New clinic\n\t\t\t<\/h4>\n\t\t\t<p>82, Route 338<br \/>Les Coteaux, QC J7X 1A2<\/p>\t\n\t<iframe src=\"https:\/\/www.google.com\/maps\/embed\/v1\/place?q=82%2C+route+338%0ALes+Coteaux%2C+Qu%C3%A9bec&#038;key=AIzaSyD09zQ9PNDNNy9TadMuzRV_UsPUoWKntt8\" aria-hidden=\"true\" title=\"Clinique Acc\u00e8s Infirmi\u00e8res\"><\/iframe>\n\t<h4>\n\t\t\t\tAcc\u00e8s Infirmi\u00e8res\n\t\t\t<\/h4>\n\t\t\t<p>287, boulevard D&#8217;Anjou<br \/>Ch\u00e2teauguay, QC J6J 2R4<\/p>\t\n\t<iframe src=\"https:\/\/www.google.com\/maps\/embed\/v1\/place?q=Acc%C3%A8s+Infirmi%C3%A8res&#038;key=AIzaSyD09zQ9PNDNNy9TadMuzRV_UsPUoWKntt8\" aria-hidden=\"true\"><\/iframe>\n\n","protected":false},"excerpt":{"rendered":"<p>Online application | Nurse station Our services are offered in our clinic and satellite clinic as well as in your home. Appointments preferred. For more information, please contact us. P. 450 844-4793 Online appointment Acc\u00e8s Infirmi\u00e8res | New clinic 82, Route 338Les Coteaux, QC J7X 1A2 Acc\u00e8s Infirmi\u00e8res 287, boulevard D&#8217;AnjouCh\u00e2teauguay, QC J6J 2R4<\/p>\n","protected":false},"author":1,"featured_media":0,"parent":1832,"menu_order":2,"comment_status":"closed","ping_status":"closed","template":"","meta":{"site-sidebar-layout":"default","site-content-layout":"page-builder","ast-site-content-layout":"default","site-content-style":"default","site-sidebar-style":"default","ast-global-header-display":"","ast-banner-title-visibility":"","ast-main-header-display":"","ast-hfb-above-header-display":"","ast-hfb-below-header-display":"","ast-hfb-mobile-header-display":"","site-post-title":"disabled","ast-breadcrumbs-content":"","ast-featured-img":"","footer-sml-layout":"","ast-disable-related-posts":"","theme-transparent-header-meta":"","adv-header-id-meta":"","stick-header-meta":"","header-above-stick-meta":"","header-main-stick-meta":"","header-below-stick-meta":"","astra-migrate-meta-layouts":"default","ast-page-background-enabled":"default","ast-page-background-meta":{"desktop":{"background-color":"var(--ast-global-color-4)","background-image":"","background-repeat":"repeat","background-position":"center center","background-size":"auto","background-attachment":"scroll","background-type":"","background-media":"","overlay-type":"","overlay-color":"","overlay-opacity":"","overlay-gradient":""},"tablet":{"background-color":"","background-image":"","background-repeat":"repeat","background-position":"center center","background-size":"auto","background-attachment":"scroll","background-type":"","background-media":"","overlay-type":"","overlay-color":"","overlay-opacity":"","overlay-gradient":""},"mobile":{"background-color":"","background-image":"","background-repeat":"repeat","background-position":"center center","background-size":"auto","background-attachment":"scroll","background-type":"","background-media":"","overlay-type":"","overlay-color":"","overlay-opacity":"","overlay-gradient":""}},"ast-content-background-meta":{"desktop":{"background-color":"var(--ast-global-color-5)","background-image":"","background-repeat":"repeat","background-position":"center center","background-size":"auto","background-attachment":"scroll","background-type":"","background-media":"","overlay-type":"","overlay-color":"","overlay-opacity":"","overlay-gradient":""},"tablet":{"background-color":"var(--ast-global-color-5)","background-image":"","background-repeat":"repeat","background-position":"center center","background-size":"auto","background-attachment":"scroll","background-type":"","background-media":"","overlay-type":"","overlay-color":"","overlay-opacity":"","overlay-gradient":""},"mobile":{"background-color":"var(--ast-global-color-5)","background-image":"","background-repeat":"repeat","background-position":"center center","background-size":"auto","background-attachment":"scroll","background-type":"","background-media":"","overlay-type":"","overlay-color":"","overlay-opacity":"","overlay-gradient":""}},"footnotes":""},"class_list":["post-1834","page","type-page","status-publish","hentry"],"_links":{"self":[{"href":"https:\/\/accesinfirmieres.com\/en\/wp-json\/wp\/v2\/pages\/1834","targetHints":{"allow":["GET"]}}],"collection":[{"href":"https:\/\/accesinfirmieres.com\/en\/wp-json\/wp\/v2\/pages"}],"about":[{"href":"https:\/\/accesinfirmieres.com\/en\/wp-json\/wp\/v2\/types\/page"}],"author":[{"embeddable":true,"href":"https:\/\/accesinfirmieres.com\/en\/wp-json\/wp\/v2\/users\/1"}],"replies":[{"embeddable":true,"href":"https:\/\/accesinfirmieres.com\/en\/wp-json\/wp\/v2\/comments?post=1834"}],"version-history":[{"count":2,"href":"https:\/\/accesinfirmieres.com\/en\/wp-json\/wp\/v2\/pages\/1834\/revisions"}],"predecessor-version":[{"id":2124,"href":"https:\/\/accesinfirmieres.com\/en\/wp-json\/wp\/v2\/pages\/1834\/revisions\/2124"}],"up":[{"embeddable":true,"href":"https:\/\/accesinfirmieres.com\/en\/wp-json\/wp\/v2\/pages\/1832"}],"wp:attachment":[{"href":"https:\/\/accesinfirmieres.com\/en\/wp-json\/wp\/v2\/media?parent=1834"}],"curies":[{"name":"wp","href":"https:\/\/api.w.org\/{rel}","templated":true}]}}