{"id":1836,"date":"2023-03-01T15:58:33","date_gmt":"2023-03-01T15:58:33","guid":{"rendered":"https:\/\/accesinfirmieres.com\/contact\/"},"modified":"2026-04-02T17:08:12","modified_gmt":"2026-04-02T17:08:12","slug":"contact","status":"publish","type":"page","link":"https:\/\/accesinfirmieres.com\/en\/contact\/","title":{"rendered":"Contact"},"content":{"rendered":"\n\n\t<h1>\n\t\t\t\tContact\n\t\t\t<\/h1>\n\t\t\t\t<img decoding=\"async\" src=\"https:\/\/accesinfirmieres.com\/wp-content\/uploads\/2023\/03\/favicon-2023-acces-infirmieres.png\" alt=\"favicon-2023-acces-infirmieres\" title=\"favicon-2023-acces-infirmieres\" itemprop=\"image\"\/>\n\t\t\t\t<img decoding=\"async\" src=\"https:\/\/accesinfirmieres.com\/wp-content\/uploads\/2023\/03\/logo-2023-acces-infirmieres.png\" alt=\"logo-2023-acces-infirmieres\" title=\"logo-2023-acces-infirmieres\" itemprop=\"image\"  \/>\n\t\t\t<h4>Question | Commentaire<\/h4>\n\t\t\t\t<p>Pour toute questions et\/ou pour \u00e9mettre un commentaire constructif, veuillez communiquer avec nous par courriel \u00e0 <a href=\"mailto:info@accesinfirmieres.com\"><strong>info@accesinfirmieres.com<\/strong><\/a> ou par t\u00e9l\u00e9phone.<\/p>\n<p>Notre \u00e9quipe s&#8217;engage \u00e0 retourner les appels ainsi que les courriels re\u00e7us dans un d\u00e9lai de 24 heures durant nos heures d&#8217;affaires.<\/p>\n\t<ul>\n\t\t<li><a href=\"tel:+14508444793\" target=\"_self\"  aria-label=\"Aller \u00e0 tel:+14508444793\">\t\t\t\t\n\t\t<h5>T 450-844-4793<\/h5><\/a><\/li><li><a href=\"mailto:info@accesinfirmieres.com\" target=\"_self\"  aria-label=\"Aller \u00e0 mailto:info@accesinfirmieres.com\">\t\t\t\t\n\t\t<h5>\u00c9crivez-nous<\/h5><p>info@accesinfirmieres.com<\/p>\n<\/a><\/li><li><a href=\"https:\/\/clixibook.ca\/hub\/accesinfirmieres\" target=\"_blank\" rel=\"noopener\" aria-label=\"Aller \u00e0 https:\/\/clixibook.ca\/hub\/accesinfirmieres\">\t\t\t\t\n\t\t<h5>Prendre rendez-vous<\/h5><\/a><\/li>\t<\/ul>\n\t<h4>\n\t\t\t\tModes de paiement accept\u00e9s\n\t\t\t<\/h4>\n\t<ul>\n\t\t<li>\t\t\t\t\n\t\t<h6>Paiement Interac\u2122<\/h6><\/li><li>\t\t\t\t\n\t\t<h6>Carte de cr\u00e9dit VISA\u2122<\/h6><\/li><li>\t\t\t\t\n\t\t<h6>Carte de cr\u00e9dit Mastercard\u2122<\/h6><\/li><li>\t\t\t\t\n\t\t<h6>Argent comptant<\/h6><\/li>\t<\/ul>\n\t<iframe src=\"https:\/\/www.google.com\/maps\/embed\/v1\/place?q=Acc%C3%A8s+Infirmi%C3%A8res&#038;key=AIzaSyD09zQ9PNDNNy9TadMuzRV_UsPUoWKntt8\" aria-hidden=\"true\"><\/iframe>\n\t\t\t<h2>Nos cliniques<\/h2>\t\t\t\n\t\t\t\t<p>Nous vous invitons \u00e0 venir nous rencontrer dans l&#8217;une de nos cliniques ou faites appel \u00e0 nos <a href=\"https:\/\/accesinfirmieres.com\/soins-traitements\/soins-a-domicile\/\"><strong>Soins \u00e0 domicile<\/strong><\/a>, moyennant un frais de d\u00e9placement.<\/p>\n\t<h4>\n\t\t\t\tAcc\u00e8s Infirmi\u00e8res | Clinique\n\t\t\t<\/h4>\n\t\t\t<p>287, boulevard D&#8217;Anjou, Ch\u00e2teauguay, QC J6J 2R4<\/p>\t\n\t\t\t\t Lundi\t\t\t\t\n\t\t\t\t 7h00 \u00e0 16h00\t\t\t\t\n\t\t\t\t Mardi\t\t\t\t\n\t\t\t\t 7h00 \u00e0 16h00\t\t\t\t\n\t\t\t\t Mercredi\t\t\t\t\n\t\t\t\t 5h00 \u00e0 16h00 | 17h00 \u00e0 20h00\t\t\t\t\n\t\t\t\t Jeudi\t\t\t\t\n\t\t\t\t 7h00 \u00e0 16h00\t\t\t\t\n\t\t\t\t Vendredi\t\t\t\t\n\t\t\t\t 7h00 \u00e0 16h00\t\t\t\t\n\t\t\t\t Samedi\t\t\t\t\n\t\t\t\t 8h00 \u00e0 12h00\t\t\t\t\n\t\t\t\t Dimanche\t\t\t\t\n\t\t\t\t Ferm\u00e9\t\t\t\t\n\t<p><em>Nos heures d&#8217;ouvertures sont \u00e0 titre indicatif seulement puisqu&#8217;elles peuvent changer selon l&#8217;achalandage. Nous vous encourageons donc \u00e0 prendre rendez-vous.<\/em><\/p>\n\t<iframe src=\"https:\/\/www.google.com\/maps\/embed\/v1\/place?q=82%2C+route+338%0ALes+Coteaux+QC+J7X+1A2&#038;key=AIzaSyD09zQ9PNDNNy9TadMuzRV_UsPUoWKntt8\" aria-hidden=\"true\" title=\"Clinique Acc\u00e8s Infirmi\u00e8res\"><\/iframe>\n\t<h4>\n\t\t\t\tAcc\u00e8s Infirmi\u00e8res | Clinique\n\t\t\t<\/h4>\n\t\t\t<p>82, Route 338, Les Coteaux, QC J7X 1A2<\/p>\t\n\t\t\t\t Lundi\t\t\t\t\n\t\t\t\t 7h00 \u00e0 11h00 | 17h00 \u00e0 20h00\t\t\t\t\n\t\t\t\t Mardi\t\t\t\t\n\t\t\t\t Ferm\u00e9\t\t\t\t\n\t\t\t\t Mercredi\t\t\t\t\n\t\t\t\t 5h00 \u00e0 12h00\t\t\t\t\n\t\t\t\t Jeudi\t\t\t\t\n\t\t\t\t 7h00 \u00e0 14h00\t\t\t\t\n\t\t\t\t Vendredi\t\t\t\t\n\t\t\t\t 7h00 \u00e0 16h00\t\t\t\t\n\t\t\t\t Samedi\t\t\t\t\n\t\t\t\t 9h30 \u00e0 12h30\t\t\t\t\n\t\t\t\t Dimanche\t\t\t\t\n\t\t\t\t Ferm\u00e9\t\t\t\t\n\t<p><em>Nos heures d&#8217;ouvertures sont \u00e0 titre indicatif seulement puisqu&#8217;elles peuvent changer selon l&#8217;achalandage. Nous vous encourageons donc \u00e0 prendre rendez-vous.<\/em><\/p>\n\n","protected":false},"excerpt":{"rendered":"<p>Contact Question | Commentaire Pour toute questions et\/ou pour \u00e9mettre un commentaire constructif, veuillez communiquer avec nous par courriel \u00e0 info@accesinfirmieres.com ou par t\u00e9l\u00e9phone. Notre \u00e9quipe s&#8217;engage \u00e0 retourner les appels ainsi que les courriels re\u00e7us dans un d\u00e9lai de 24 heures durant nos heures d&#8217;affaires. T 450-844-4793 \u00c9crivez-nous info@accesinfirmieres.com Prendre rendez-vous Modes de paiement [&hellip;]<\/p>\n","protected":false},"author":1,"featured_media":0,"parent":0,"menu_order":0,"comment_status":"closed","ping_status":"closed","template":"","meta":{"site-sidebar-layout":"default","site-content-layout":"page-builder","ast-site-content-layout":"default","site-content-style":"default","site-sidebar-style":"default","ast-global-header-display":"","ast-banner-title-visibility":"","ast-main-header-display":"","ast-hfb-above-header-display":"","ast-hfb-below-header-display":"","ast-hfb-mobile-header-display":"","site-post-title":"disabled","ast-breadcrumbs-content":"","ast-featured-img":"","footer-sml-layout":"","ast-disable-related-posts":"","theme-transparent-header-meta":"","adv-header-id-meta":"","stick-header-meta":"","header-above-stick-meta":"","header-main-stick-meta":"","header-below-stick-meta":"","astra-migrate-meta-layouts":"default","ast-page-background-enabled":"default","ast-page-background-meta":{"desktop":{"background-color":"var(--ast-global-color-4)","background-image":"","background-repeat":"repeat","background-position":"center center","background-size":"auto","background-attachment":"scroll","background-type":"","background-media":"","overlay-type":"","overlay-color":"","overlay-opacity":"","overlay-gradient":""},"tablet":{"background-color":"","background-image":"","background-repeat":"repeat","background-position":"center center","background-size":"auto","background-attachment":"scroll","background-type":"","background-media":"","overlay-type":"","overlay-color":"","overlay-opacity":"","overlay-gradient":""},"mobile":{"background-color":"","background-image":"","background-repeat":"repeat","background-position":"center center","background-size":"auto","background-attachment":"scroll","background-type":"","background-media":"","overlay-type":"","overlay-color":"","overlay-opacity":"","overlay-gradient":""}},"ast-content-background-meta":{"desktop":{"background-color":"var(--ast-global-color-5)","background-image":"","background-repeat":"repeat","background-position":"center center","background-size":"auto","background-attachment":"scroll","background-type":"","background-media":"","overlay-type":"","overlay-color":"","overlay-opacity":"","overlay-gradient":""},"tablet":{"background-color":"var(--ast-global-color-5)","background-image":"","background-repeat":"repeat","background-position":"center center","background-size":"auto","background-attachment":"scroll","background-type":"","background-media":"","overlay-type":"","overlay-color":"","overlay-opacity":"","overlay-gradient":""},"mobile":{"background-color":"var(--ast-global-color-5)","background-image":"","background-repeat":"repeat","background-position":"center center","background-size":"auto","background-attachment":"scroll","background-type":"","background-media":"","overlay-type":"","overlay-color":"","overlay-opacity":"","overlay-gradient":""}},"footnotes":""},"class_list":["post-1836","page","type-page","status-publish","hentry"],"_links":{"self":[{"href":"https:\/\/accesinfirmieres.com\/en\/wp-json\/wp\/v2\/pages\/1836","targetHints":{"allow":["GET"]}}],"collection":[{"href":"https:\/\/accesinfirmieres.com\/en\/wp-json\/wp\/v2\/pages"}],"about":[{"href":"https:\/\/accesinfirmieres.com\/en\/wp-json\/wp\/v2\/types\/page"}],"author":[{"embeddable":true,"href":"https:\/\/accesinfirmieres.com\/en\/wp-json\/wp\/v2\/users\/1"}],"replies":[{"embeddable":true,"href":"https:\/\/accesinfirmieres.com\/en\/wp-json\/wp\/v2\/comments?post=1836"}],"version-history":[{"count":1,"href":"https:\/\/accesinfirmieres.com\/en\/wp-json\/wp\/v2\/pages\/1836\/revisions"}],"predecessor-version":[{"id":2011,"href":"https:\/\/accesinfirmieres.com\/en\/wp-json\/wp\/v2\/pages\/1836\/revisions\/2011"}],"wp:attachment":[{"href":"https:\/\/accesinfirmieres.com\/en\/wp-json\/wp\/v2\/media?parent=1836"}],"curies":[{"name":"wp","href":"https:\/\/api.w.org\/{rel}","templated":true}]}}